{"id":532,"date":"2018-09-22T16:29:41","date_gmt":"2018-09-22T16:29:41","guid":{"rendered":"http:\/\/southernaircoolers.dk\/sac\/?page_id=532"},"modified":"2018-09-22T16:31:56","modified_gmt":"2018-09-22T16:31:56","slug":"kontakt","status":"publish","type":"page","link":"http:\/\/southernaircoolers.dk\/sac\/?page_id=532","title":{"rendered":"Kontakt"},"content":{"rendered":"<h3 style=\"text-align: center;\"><span style=\"color: #ffffff;\">Hvis i vil i kontakt med os , g\u00e5 ind p\u00e5 vores facebookside og skriv en pm,s\u00e5 svare vi inden for et par dage.<\/span><\/h3>\n<h3 style=\"text-align: center;\"><span style=\"color: #ffffff;\">mvh SAC<\/span><\/h3>\n","protected":false},"excerpt":{"rendered":"<p>Hvis i vil i kontakt med os , g\u00e5 ind p\u00e5 vores facebookside og skriv en pm,s\u00e5 svare vi inden for et par dage. mvh SAC<\/p>\n","protected":false},"author":2,"featured_media":0,"parent":0,"menu_order":0,"comment_status":"closed","ping_status":"closed","template":"","meta":{"ngg_post_thumbnail":0,"footnotes":""},"class_list":["post-532","page","type-page","status-publish","hentry"],"_links":{"self":[{"href":"http:\/\/southernaircoolers.dk\/sac\/index.php?rest_route=\/wp\/v2\/pages\/532","targetHints":{"allow":["GET"]}}],"collection":[{"href":"http:\/\/southernaircoolers.dk\/sac\/index.php?rest_route=\/wp\/v2\/pages"}],"about":[{"href":"http:\/\/southernaircoolers.dk\/sac\/index.php?rest_route=\/wp\/v2\/types\/page"}],"author":[{"embeddable":true,"href":"http:\/\/southernaircoolers.dk\/sac\/index.php?rest_route=\/wp\/v2\/users\/2"}],"replies":[{"embeddable":true,"href":"http:\/\/southernaircoolers.dk\/sac\/index.php?rest_route=%2Fwp%2Fv2%2Fcomments&post=532"}],"version-history":[{"count":4,"href":"http:\/\/southernaircoolers.dk\/sac\/index.php?rest_route=\/wp\/v2\/pages\/532\/revisions"}],"predecessor-version":[{"id":536,"href":"http:\/\/southernaircoolers.dk\/sac\/index.php?rest_route=\/wp\/v2\/pages\/532\/revisions\/536"}],"wp:attachment":[{"href":"http:\/\/southernaircoolers.dk\/sac\/index.php?rest_route=%2Fwp%2Fv2%2Fmedia&parent=532"}],"curies":[{"name":"wp","href":"https:\/\/api.w.org\/{rel}","templated":true}]}}